{"id":26,"date":"2019-06-20T15:11:21","date_gmt":"2019-06-20T15:11:21","guid":{"rendered":"http:\/\/stempeltheke.com\/?page_id=26"},"modified":"2019-06-20T16:15:59","modified_gmt":"2019-06-20T16:15:59","slug":"ueber-mich","status":"publish","type":"page","link":"https:\/\/stempeltheke.com\/?page_id=26","title":{"rendered":"\u00dcber mich"},"content":{"rendered":"\n<p class=\"has-text-color has-vivid-cyan-blue-color\">Stempel gestallten wie kommt man dazu?<\/p>\n\n\n\n<div class=\"wp-block-columns has-2-columns is-layout-flex wp-container-core-columns-is-layout-1 wp-block-columns-is-layout-flex\">\n<div class=\"wp-block-column is-layout-flow wp-block-column-is-layout-flow\">\n<p>Im Rahmen meiner Ausbildung zum Buchillustrator erlernte ich die historische Technik der Klischeeherstellung. Ich war sehr fasziniert von der Feinheit und Pr\u00e4zision der Stempel die \u00fcber die \u00fcblichen Comicartigen Produkte hinaus ging. <\/p>\n\n\n\n<p>Dazu kommt, dass die Stempel sich nicht nur f\u00fcr Papier eignen, sondern auch dazu Ton, Siegellack, und sogar das Pr\u00e4gen von Leder erm\u00f6glichen.<\/p>\n\n\n\n<p>Bei den verwendeten Motiven handelt es sich um Eigenentw\u00fcrfe, sowie historischer&nbsp; Schriften.<br><br>Zu meinem festen Repertoire geh\u00f6ren Exlibris, Initialen und Ornamente.<\/p>\n\n\n\n<p>&nbsp;Jahr f\u00fcr Jahr gesellen sich zu meinen Arbeiten neue Entw\u00fcrfe, wobei das Gewicht auf Naturmotiven mit dekorativen Charakter sowie Tierdarstellungen liegt.<\/p>\n<\/div>\n\n\n\n<div class=\"wp-block-column is-layout-flow wp-block-column-is-layout-flow\">\n<figure class=\"wp-block-image\"><img loading=\"lazy\" decoding=\"async\" width=\"683\" height=\"1024\" src=\"http:\/\/stempeltheke.com\/wp-content\/uploads\/2019\/06\/IMG_0013-683x1024.jpg\" alt=\"\" class=\"wp-image-41\" srcset=\"https:\/\/stempeltheke.com\/wp-content\/uploads\/2019\/06\/IMG_0013-683x1024.jpg 683w, https:\/\/stempeltheke.com\/wp-content\/uploads\/2019\/06\/IMG_0013-200x300.jpg 200w, https:\/\/stempeltheke.com\/wp-content\/uploads\/2019\/06\/IMG_0013-768x1152.jpg 768w, https:\/\/stempeltheke.com\/wp-content\/uploads\/2019\/06\/IMG_0013.jpg 1152w\" sizes=\"auto, (max-width: 683px) 100vw, 683px\" \/><\/figure>\n<\/div>\n<\/div>\n\n\n\n<p><\/p>\n","protected":false},"excerpt":{"rendered":"<p>Stempel gestallten wie kommt man dazu? Im Rahmen meiner Ausbildung zum Buchillustrator erlernte ich die historische Technik der Klischeeherstellung. Ich war sehr fasziniert von der Feinheit und Pr\u00e4zision der Stempel die \u00fcber die \u00fcblichen Comicartigen Produkte hinaus ging. Dazu kommt,<\/p>\n","protected":false},"author":1,"featured_media":0,"parent":0,"menu_order":0,"comment_status":"closed","ping_status":"closed","template":"","meta":{"footnotes":""},"class_list":["post-26","page","type-page","status-publish","hentry"],"_links":{"self":[{"href":"https:\/\/stempeltheke.com\/index.php?rest_route=\/wp\/v2\/pages\/26","targetHints":{"allow":["GET"]}}],"collection":[{"href":"https:\/\/stempeltheke.com\/index.php?rest_route=\/wp\/v2\/pages"}],"about":[{"href":"https:\/\/stempeltheke.com\/index.php?rest_route=\/wp\/v2\/types\/page"}],"author":[{"embeddable":true,"href":"https:\/\/stempeltheke.com\/index.php?rest_route=\/wp\/v2\/users\/1"}],"replies":[{"embeddable":true,"href":"https:\/\/stempeltheke.com\/index.php?rest_route=%2Fwp%2Fv2%2Fcomments&post=26"}],"version-history":[{"count":9,"href":"https:\/\/stempeltheke.com\/index.php?rest_route=\/wp\/v2\/pages\/26\/revisions"}],"predecessor-version":[{"id":42,"href":"https:\/\/stempeltheke.com\/index.php?rest_route=\/wp\/v2\/pages\/26\/revisions\/42"}],"wp:attachment":[{"href":"https:\/\/stempeltheke.com\/index.php?rest_route=%2Fwp%2Fv2%2Fmedia&parent=26"}],"curies":[{"name":"wp","href":"https:\/\/api.w.org\/{rel}","templated":true}]}}